{"id":7884,"date":"2022-06-08T23:59:36","date_gmt":"2022-06-08T20:59:36","guid":{"rendered":"https:\/\/www.deltacephe.com.tr\/en\/?page_id=7884"},"modified":"2022-08-26T18:14:53","modified_gmt":"2022-08-26T15:14:53","slug":"aluminum-skylight-systems","status":"publish","type":"page","link":"https:\/\/www.deltacephe.com.tr\/en\/?page_id=7884","title":{"rendered":"Aluminum Skylight Systems"},"content":{"rendered":"<section class=\"l-section wpb_row height_custom\"><div class=\"l-section-h i-cf\"><div class=\"g-cols vc_row via_grid cols_1 laptops-cols_inherit tablets-cols_inherit mobiles-cols_1 valign_top type_default stacking_default\"><div class=\"wpb_column vc_column_container\"><div class=\"vc_column-inner\"><div class=\"g-cols wpb_row via_grid cols_3-1 laptops-cols_inherit tablets-cols_inherit mobiles-cols_1 valign_top type_default stacking_default\" style=\"--columns-gap:3rem;\"><div class=\"wpb_column vc_column_container\"><div class=\"vc_column-inner\"><div class=\"wpb_text_column\"><div class=\"wpb_wrapper\"><p>A second carcass is formed by using aluminum profiles on the main carrier steel construction. Glass or opaque materials in suitable sizes are adapted into this carcass. Depending on the openings passed, system solutions can be made with aluminum profiles without the main carrier steel construction. Profile sections are dimensioned by calculating snow, wind and live loads in skylights depending on the relevant norms and local regulations. The rainwater drainage and cleaning system must be thawed. Smoke evacuation or ventilation windows can be opened into skylight systems.<\/p>\n<\/div><\/div><\/div><\/div><div class=\"wpb_column vc_column_container\"><div class=\"vc_column-inner\"><div class=\"w-hwrapper valign_top align_none\"><div class=\"w-image style_shadow-1 has_ratio align_center\"><a ref=\"magnificPopup\" href=\"https:\/\/www.deltacephe.com.tr\/en\/wp-content\/uploads\/2022\/07\/Aluminyum-Isiklik-Sistemleri.jpg\" aria-label=\"Al\u00fcminyum I\u015f\u0131kl\u0131k Sistemleri\" class=\"w-image-h\"><div style=\"padding-bottom:100%\"><\/div><img decoding=\"async\" width=\"605\" height=\"434\" src=\"https:\/\/www.deltacephe.com.tr\/en\/wp-content\/uploads\/2022\/07\/Aluminyum-Isiklik-Sistemleri.jpg\" class=\"attachment-full size-full\" alt=\"\" loading=\"lazy\" \/><\/a><\/div><div class=\"w-image style_shadow-1 has_ratio align_center\"><a ref=\"magnificPopup\" href=\"https:\/\/www.deltacephe.com.tr\/en\/wp-content\/uploads\/2022\/07\/Aluminyum-Isiklik-Sistemleri.png\" aria-label=\"Al\u00fcminyum I\u015f\u0131kl\u0131k Sistemleri\" class=\"w-image-h\"><div style=\"padding-bottom:100%\"><\/div><img decoding=\"async\" width=\"500\" height=\"500\" src=\"https:\/\/www.deltacephe.com.tr\/en\/wp-content\/uploads\/2022\/07\/Aluminyum-Isiklik-Sistemleri.png\" class=\"attachment-full size-full\" alt=\"\" loading=\"lazy\" \/><\/a><\/div><\/div><\/div><\/div><\/div><\/div><\/div><\/div><\/div><\/section>\n","protected":false},"excerpt":{"rendered":"A second carcass is formed by using aluminum profiles on the main carrier steel construction. Glass or opaque materials in suitable sizes are adapted into this carcass. Depending on the openings passed, system solutions can be made with aluminum profiles without the main carrier steel construction. Profile sections are dimensioned by calculating snow, wind and...","protected":false},"author":1,"featured_media":8184,"parent":7876,"menu_order":4,"comment_status":"closed","ping_status":"closed","template":"","meta":{"_acf_changed":false,"footnotes":""},"class_list":["post-7884","page","type-page","status-publish","has-post-thumbnail","hentry"],"acf":[],"yoast_head":"<!-- This site is optimized with the Yoast SEO plugin v24.4 - https:\/\/yoast.com\/wordpress\/plugins\/seo\/ -->\n<title>Aluminum Skylight Systems - Delta Cephe Sistemleri<\/title>\n<meta name=\"robots\" content=\"index, follow, max-snippet:-1, max-image-preview:large, max-video-preview:-1\" \/>\n<link rel=\"canonical\" href=\"https:\/\/www.deltacephe.com.tr\/en\/?page_id=7884\" \/>\n<meta property=\"og:locale\" content=\"en_US\" \/>\n<meta property=\"og:type\" content=\"article\" \/>\n<meta property=\"og:title\" content=\"Aluminum Skylight Systems - Delta Cephe Sistemleri\" \/>\n<meta property=\"og:url\" content=\"https:\/\/www.deltacephe.com.tr\/en\/?page_id=7884\" \/>\n<meta property=\"og:site_name\" content=\"Delta Cephe Sistemleri\" \/>\n<meta property=\"article:modified_time\" content=\"2022-08-26T15:14:53+00:00\" \/>\n<meta property=\"og:image\" content=\"https:\/\/www.deltacephe.com.tr\/en\/wp-content\/uploads\/2022\/07\/Aluminyum-Isiklik-Sistemleri.jpg\" \/>\n\t<meta property=\"og:image:width\" content=\"605\" \/>\n\t<meta property=\"og:image:height\" content=\"434\" \/>\n\t<meta property=\"og:image:type\" content=\"image\/jpeg\" \/>\n<meta name=\"twitter:card\" content=\"summary_large_image\" \/>\n<meta name=\"twitter:label1\" content=\"Est. reading time\" \/>\n\t<meta name=\"twitter:data1\" content=\"1 minute\" \/>\n<script type=\"application\/ld+json\" class=\"yoast-schema-graph\">{\"@context\":\"https:\/\/schema.org\",\"@graph\":[{\"@type\":\"WebPage\",\"@id\":\"https:\/\/www.deltacephe.com.tr\/en\/?page_id=7884\",\"url\":\"https:\/\/www.deltacephe.com.tr\/en\/?page_id=7884\",\"name\":\"Aluminum Skylight Systems - Delta Cephe Sistemleri\",\"isPartOf\":{\"@id\":\"https:\/\/www.deltacephe.com.tr\/en\/#website\"},\"primaryImageOfPage\":{\"@id\":\"https:\/\/www.deltacephe.com.tr\/en\/?page_id=7884#primaryimage\"},\"image\":{\"@id\":\"https:\/\/www.deltacephe.com.tr\/en\/?page_id=7884#primaryimage\"},\"thumbnailUrl\":\"https:\/\/www.deltacephe.com.tr\/en\/wp-content\/uploads\/2022\/07\/Aluminyum-Isiklik-Sistemleri.jpg\",\"datePublished\":\"2022-06-08T20:59:36+00:00\",\"dateModified\":\"2022-08-26T15:14:53+00:00\",\"breadcrumb\":{\"@id\":\"https:\/\/www.deltacephe.com.tr\/en\/?page_id=7884#breadcrumb\"},\"inLanguage\":\"en-US\",\"potentialAction\":[{\"@type\":\"ReadAction\",\"target\":[\"https:\/\/www.deltacephe.com.tr\/en\/?page_id=7884\"]}]},{\"@type\":\"ImageObject\",\"inLanguage\":\"en-US\",\"@id\":\"https:\/\/www.deltacephe.com.tr\/en\/?page_id=7884#primaryimage\",\"url\":\"https:\/\/www.deltacephe.com.tr\/en\/wp-content\/uploads\/2022\/07\/Aluminyum-Isiklik-Sistemleri.jpg\",\"contentUrl\":\"https:\/\/www.deltacephe.com.tr\/en\/wp-content\/uploads\/2022\/07\/Aluminyum-Isiklik-Sistemleri.jpg\",\"width\":605,\"height\":434},{\"@type\":\"BreadcrumbList\",\"@id\":\"https:\/\/www.deltacephe.com.tr\/en\/?page_id=7884#breadcrumb\",\"itemListElement\":[{\"@type\":\"ListItem\",\"position\":1,\"name\":\"Home\",\"item\":\"https:\/\/www.deltacephe.com.tr\/en\/\"},{\"@type\":\"ListItem\",\"position\":2,\"name\":\"Our Activities\",\"item\":\"https:\/\/www.deltacephe.com.tr\/en\/?page_id=7876\"},{\"@type\":\"ListItem\",\"position\":3,\"name\":\"Aluminum Skylight Systems\"}]},{\"@type\":\"WebSite\",\"@id\":\"https:\/\/www.deltacephe.com.tr\/en\/#website\",\"url\":\"https:\/\/www.deltacephe.com.tr\/en\/\",\"name\":\"Delta Cephe Sistemleri\",\"description\":\"\",\"potentialAction\":[{\"@type\":\"SearchAction\",\"target\":{\"@type\":\"EntryPoint\",\"urlTemplate\":\"https:\/\/www.deltacephe.com.tr\/en\/?s={search_term_string}\"},\"query-input\":{\"@type\":\"PropertyValueSpecification\",\"valueRequired\":true,\"valueName\":\"search_term_string\"}}],\"inLanguage\":\"en-US\"}]}<\/script>\n<!-- \/ Yoast SEO plugin. -->","yoast_head_json":{"title":"Aluminum Skylight Systems - Delta Cephe Sistemleri","robots":{"index":"index","follow":"follow","max-snippet":"max-snippet:-1","max-image-preview":"max-image-preview:large","max-video-preview":"max-video-preview:-1"},"canonical":"https:\/\/www.deltacephe.com.tr\/en\/?page_id=7884","og_locale":"en_US","og_type":"article","og_title":"Aluminum Skylight Systems - Delta Cephe Sistemleri","og_url":"https:\/\/www.deltacephe.com.tr\/en\/?page_id=7884","og_site_name":"Delta Cephe Sistemleri","article_modified_time":"2022-08-26T15:14:53+00:00","og_image":[{"width":605,"height":434,"url":"https:\/\/www.deltacephe.com.tr\/en\/wp-content\/uploads\/2022\/07\/Aluminyum-Isiklik-Sistemleri.jpg","type":"image\/jpeg"}],"twitter_card":"summary_large_image","twitter_misc":{"Est. reading time":"1 minute"},"schema":{"@context":"https:\/\/schema.org","@graph":[{"@type":"WebPage","@id":"https:\/\/www.deltacephe.com.tr\/en\/?page_id=7884","url":"https:\/\/www.deltacephe.com.tr\/en\/?page_id=7884","name":"Aluminum Skylight Systems - Delta Cephe Sistemleri","isPartOf":{"@id":"https:\/\/www.deltacephe.com.tr\/en\/#website"},"primaryImageOfPage":{"@id":"https:\/\/www.deltacephe.com.tr\/en\/?page_id=7884#primaryimage"},"image":{"@id":"https:\/\/www.deltacephe.com.tr\/en\/?page_id=7884#primaryimage"},"thumbnailUrl":"https:\/\/www.deltacephe.com.tr\/en\/wp-content\/uploads\/2022\/07\/Aluminyum-Isiklik-Sistemleri.jpg","datePublished":"2022-06-08T20:59:36+00:00","dateModified":"2022-08-26T15:14:53+00:00","breadcrumb":{"@id":"https:\/\/www.deltacephe.com.tr\/en\/?page_id=7884#breadcrumb"},"inLanguage":"en-US","potentialAction":[{"@type":"ReadAction","target":["https:\/\/www.deltacephe.com.tr\/en\/?page_id=7884"]}]},{"@type":"ImageObject","inLanguage":"en-US","@id":"https:\/\/www.deltacephe.com.tr\/en\/?page_id=7884#primaryimage","url":"https:\/\/www.deltacephe.com.tr\/en\/wp-content\/uploads\/2022\/07\/Aluminyum-Isiklik-Sistemleri.jpg","contentUrl":"https:\/\/www.deltacephe.com.tr\/en\/wp-content\/uploads\/2022\/07\/Aluminyum-Isiklik-Sistemleri.jpg","width":605,"height":434},{"@type":"BreadcrumbList","@id":"https:\/\/www.deltacephe.com.tr\/en\/?page_id=7884#breadcrumb","itemListElement":[{"@type":"ListItem","position":1,"name":"Home","item":"https:\/\/www.deltacephe.com.tr\/en\/"},{"@type":"ListItem","position":2,"name":"Our Activities","item":"https:\/\/www.deltacephe.com.tr\/en\/?page_id=7876"},{"@type":"ListItem","position":3,"name":"Aluminum Skylight Systems"}]},{"@type":"WebSite","@id":"https:\/\/www.deltacephe.com.tr\/en\/#website","url":"https:\/\/www.deltacephe.com.tr\/en\/","name":"Delta Cephe Sistemleri","description":"","potentialAction":[{"@type":"SearchAction","target":{"@type":"EntryPoint","urlTemplate":"https:\/\/www.deltacephe.com.tr\/en\/?s={search_term_string}"},"query-input":{"@type":"PropertyValueSpecification","valueRequired":true,"valueName":"search_term_string"}}],"inLanguage":"en-US"}]}},"_links":{"self":[{"href":"https:\/\/www.deltacephe.com.tr\/en\/index.php?rest_route=\/wp\/v2\/pages\/7884","targetHints":{"allow":["GET"]}}],"collection":[{"href":"https:\/\/www.deltacephe.com.tr\/en\/index.php?rest_route=\/wp\/v2\/pages"}],"about":[{"href":"https:\/\/www.deltacephe.com.tr\/en\/index.php?rest_route=\/wp\/v2\/types\/page"}],"author":[{"embeddable":true,"href":"https:\/\/www.deltacephe.com.tr\/en\/index.php?rest_route=\/wp\/v2\/users\/1"}],"replies":[{"embeddable":true,"href":"https:\/\/www.deltacephe.com.tr\/en\/index.php?rest_route=%2Fwp%2Fv2%2Fcomments&post=7884"}],"version-history":[{"count":6,"href":"https:\/\/www.deltacephe.com.tr\/en\/index.php?rest_route=\/wp\/v2\/pages\/7884\/revisions"}],"predecessor-version":[{"id":8663,"href":"https:\/\/www.deltacephe.com.tr\/en\/index.php?rest_route=\/wp\/v2\/pages\/7884\/revisions\/8663"}],"up":[{"embeddable":true,"href":"https:\/\/www.deltacephe.com.tr\/en\/index.php?rest_route=\/wp\/v2\/pages\/7876"}],"wp:featuredmedia":[{"embeddable":true,"href":"https:\/\/www.deltacephe.com.tr\/en\/index.php?rest_route=\/wp\/v2\/media\/8184"}],"wp:attachment":[{"href":"https:\/\/www.deltacephe.com.tr\/en\/index.php?rest_route=%2Fwp%2Fv2%2Fmedia&parent=7884"}],"curies":[{"name":"wp","href":"https:\/\/api.w.org\/{rel}","templated":true}]}}