{"id":7827,"date":"2022-06-08T21:52:50","date_gmt":"2022-06-08T18:52:50","guid":{"rendered":"https:\/\/www.deltacephe.com.tr\/en\/?page_id=7827"},"modified":"2023-10-19T16:37:38","modified_gmt":"2023-10-19T13:37:38","slug":"contact","status":"publish","type":"page","link":"https:\/\/www.deltacephe.com.tr\/en\/?page_id=7827","title":{"rendered":"Contact"},"content":{"rendered":"<section class=\"l-section wpb_row height_custom\"><div class=\"l-section-h i-cf\"><div class=\"g-cols vc_row via_grid cols_1 laptops-cols_inherit tablets-cols_inherit mobiles-cols_1 valign_top type_default stacking_default\" style=\"--columns-gap:calc(3rem + 10px);\"><div class=\"wpb_column vc_column_container\"><div class=\"vc_column-inner\"><div class=\"g-cols wpb_row via_grid cols_2 laptops-cols_inherit tablets-cols_inherit mobiles-cols_1 valign_top type_default stacking_default\" style=\"--columns-gap:3rem;\"><div class=\"wpb_column vc_column_container\"><div class=\"vc_column-inner\"><div class=\"wpb_text_column\"><div class=\"wpb_wrapper\"><h4 style=\"text-align: center;\"><strong>Our Head Office <\/strong><\/h4>\n<\/div><\/div><div class=\"w-separator size_custom with_line width_default thick_1 style_solid color_border align_center with_content\" style=\"height:50px\"><div class=\"w-separator-h\"><i class=\"fas fa-chevron-down\"><\/i><\/div><\/div><div class=\"w-iconbox iconpos_left style_circle color_primary align_left no_text\"><a target=\"_blank\" rel=\"nofollow\" href=\"#\" class=\"w-iconbox-link\" aria-label=\"Atalar Mahallesi, Murat Sokak, \u00c7\u0131kr\u0131k \u0130\u015f Merkezi, No:8 Kat:1 Kartal, \u0130stanbul\"><div class=\"w-iconbox-icon\" style=\"font-size:18px;\"><i class=\"far fa-map-marker-alt\"><\/i><\/div><\/a><div class=\"w-iconbox-meta\"><div class=\"w-iconbox-title\"><a target=\"_blank\" rel=\"nofollow\" href=\"#\" class=\"w-iconbox-link\" aria-label=\"Atalar Mahallesi, Murat Sokak, \u00c7\u0131kr\u0131k \u0130\u015f Merkezi, No:8 Kat:1 Kartal, \u0130stanbul\">Atalar Mahallesi, Murat Sokak, \u00c7\u0131kr\u0131k \u0130\u015f Merkezi, No:8 Kat:1 Kartal, \u0130stanbul<\/a><\/div><\/div><\/div><div class=\"w-separator size_custom\" style=\"height:10px\"><\/div><div class=\"w-iconbox iconpos_left style_circle color_primary align_left no_text\"><a href=\"tel:+905327219390\" class=\"w-iconbox-link\" aria-label=\"0 (532) 721 93 90\"><div class=\"w-iconbox-icon\" style=\"font-size:18px;\"><i class=\"far fa-phone\"><\/i><\/div><\/a><div class=\"w-iconbox-meta\"><div class=\"w-iconbox-title\"><a href=\"tel:+905327219390\" class=\"w-iconbox-link\" aria-label=\"0 (532) 721 93 90\">0 (532) 721 93 90<\/a><\/div><\/div><\/div><div class=\"w-separator size_custom\" style=\"height:10px\"><\/div><div class=\"w-iconbox iconpos_left style_circle color_primary align_left no_text\"><a href=\"tel:+902165177383\" class=\"w-iconbox-link\" aria-label=\"0 (216) 517 73 83\"><div class=\"w-iconbox-icon\" style=\"font-size:18px;\"><i class=\"far fa-phone\"><\/i><\/div><\/a><div class=\"w-iconbox-meta\"><div class=\"w-iconbox-title\"><a href=\"tel:+902165177383\" class=\"w-iconbox-link\" aria-label=\"0 (216) 517 73 83\">0 (216) 517 73 83<\/a><\/div><\/div><\/div><div class=\"w-separator size_custom\" style=\"height:10px\"><\/div><div class=\"w-iconbox iconpos_left style_circle color_primary align_left no_text\"><div class=\"w-iconbox-icon\" style=\"font-size:18px;\"><i class=\"far fa-fax\"><\/i><\/div><div class=\"w-iconbox-meta\"><div class=\"w-iconbox-title\">0 (216) 517 73 82<\/div><\/div><\/div><div class=\"w-separator size_custom\" style=\"height:10px\"><\/div><div class=\"w-iconbox iconpos_left style_circle color_primary align_left no_text\"><a href=\"mailto:info@deltacephe.com.tr\" class=\"w-iconbox-link\" aria-label=\"info@deltacephe.com.tr\"><div class=\"w-iconbox-icon\" style=\"font-size:18px;\"><i class=\"far fa-envelope\"><\/i><\/div><\/a><div class=\"w-iconbox-meta\"><div class=\"w-iconbox-title\"><a href=\"mailto:info@deltacephe.com.tr\" class=\"w-iconbox-link\" aria-label=\"info@deltacephe.com.tr\">info@deltacephe.com.tr<\/a><\/div><\/div><\/div><div class=\"w-separator size_custom\" style=\"height:10px\"><\/div><div class=\"w-iconbox iconpos_left style_circle color_primary align_left no_text\"><a href=\"mailto:delta@deltacephe.com.tr\" class=\"w-iconbox-link\" aria-label=\"delta@deltacephe.com.tr\"><div class=\"w-iconbox-icon\" style=\"font-size:18px;\"><i class=\"far fa-envelope\"><\/i><\/div><\/a><div class=\"w-iconbox-meta\"><div class=\"w-iconbox-title\"><a href=\"mailto:delta@deltacephe.com.tr\" class=\"w-iconbox-link\" aria-label=\"delta@deltacephe.com.tr\">delta@deltacephe.com.tr<\/a><\/div><\/div><\/div><div class=\"w-separator size_custom\" style=\"height:10px\"><\/div><div class=\"w-btn-wrapper align_left\"><a class=\"w-btn us-btn-style_27 icon_atleft\" target=\"_blank\" rel=\"nofollow\" href=\"https:\/\/goo.gl\/maps\/DZ2679TNuBSHB9qF7\"><i class=\"fas fa-map-marked-alt\"><\/i><span class=\"w-btn-label\">Click to View the Map<\/span><\/a><\/div><\/div><\/div><div class=\"wpb_column vc_column_container\"><div class=\"vc_column-inner\"><div class=\"wpb_text_column\"><div class=\"wpb_wrapper\"><h4 style=\"text-align: center;\"><strong>Production Facility<\/strong><\/h4>\n<\/div><\/div><div class=\"w-separator size_custom with_line width_default thick_1 style_solid color_border align_center with_content\" style=\"height:50px\"><div class=\"w-separator-h\"><i class=\"fas fa-chevron-down\"><\/i><\/div><\/div><div class=\"w-iconbox iconpos_left style_circle color_primary align_left no_text\"><a target=\"_blank\" rel=\"nofollow\" href=\"#\" class=\"w-iconbox-link\" aria-label=\"Yenikent Mah. Huzur Konutlar\u0131 2424 Sok. No:21 Gebze\/Kocaeli\"><div class=\"w-iconbox-icon\" style=\"font-size:18px;\"><i class=\"far fa-map-marker-alt\"><\/i><\/div><\/a><div class=\"w-iconbox-meta\"><div class=\"w-iconbox-title\"><a target=\"_blank\" rel=\"nofollow\" href=\"#\" class=\"w-iconbox-link\" aria-label=\"Yenikent Mah. Huzur Konutlar\u0131 2424 Sok. No:21 Gebze\/Kocaeli\">Yenikent Mah. Huzur Konutlar\u0131 2424 Sok. No:21 Gebze\/Kocaeli<\/a><\/div><\/div><\/div><div class=\"w-separator size_custom\" style=\"height:10px\"><\/div><div class=\"w-iconbox iconpos_left style_circle color_primary align_left no_text\"><a href=\"tel:+902626441898\" class=\"w-iconbox-link\" aria-label=\"0 (262) 644 18 98\"><div class=\"w-iconbox-icon\" style=\"font-size:18px;\"><i class=\"far fa-phone\"><\/i><\/div><\/a><div class=\"w-iconbox-meta\"><div class=\"w-iconbox-title\"><a href=\"tel:+902626441898\" class=\"w-iconbox-link\" aria-label=\"0 (262) 644 18 98\">0 (262) 644 18 98<\/a><\/div><\/div><\/div><div class=\"w-separator size_custom\" style=\"height:10px\"><\/div><div class=\"w-btn-wrapper align_left\"><a class=\"w-btn us-btn-style_27 icon_atleft\" target=\"_blank\" rel=\"nofollow\" href=\"https:\/\/goo.gl\/maps\/qC7XnicdpNb8cVho7\"><i class=\"fas fa-map-marked-alt\"><\/i><span class=\"w-btn-label\">Click to View the Map<\/span><\/a><\/div><\/div><\/div><\/div><div class=\"w-separator size_large with_line width_default thick_1 style_solid color_border align_center\"><div class=\"w-separator-h\"><\/div><\/div><div class=\"g-cols wpb_row via_grid cols_1-4-1 laptops-cols_inherit tablets-cols_inherit mobiles-cols_1 valign_top type_default stacking_default\" style=\"--columns-gap:3rem;\"><div class=\"wpb_column vc_column_container\"><div class=\"vc_column-inner\"><\/div><\/div><div class=\"wpb_column vc_column_container\"><div class=\"vc_column-inner\"><div class=\"wpb_text_column\"><div class=\"wpb_wrapper\"><h4 style=\"text-align: center;\">Contact Form<\/h4>\n<p style=\"text-align: center;\">You can contact us for your questions, comments and suggestions.<\/p>\n<\/div><\/div><div class=\"w-separator size_small\"><\/div>\n            <div \n                class=\"elfsight-widget-form-builder elfsight-widget\" \n                data-elfsight-form-builder-options=\"%7B%22ei%22%3A%22%22%2C%22fields%22%3A%5B%7B%22type%22%3A%22text%22%2C%22placeholder%22%3A%22Name%20Surname%22%2C%22description%22%3A%22%22%2C%22label%22%3A%22%22%2C%22required%22%3Atrue%2C%22columnWidth%22%3A100%2C%22id%22%3A%22%5B%5D%22%7D%2C%7B%22type%22%3A%22text%22%2C%22placeholder%22%3A%22Company%20Name%22%2C%22description%22%3A%22%22%2C%22label%22%3A%22%22%2C%22required%22%3Atrue%2C%22columnWidth%22%3A100%2C%22id%22%3A%22%5B%5D%22%7D%2C%7B%22type%22%3A%22phone%22%2C%22label%22%3A%22%22%2C%22placeholder%22%3A%22Phone%22%2C%22description%22%3A%22%22%2C%22required%22%3Afalse%2C%22columnWidth%22%3A100%2C%22id%22%3A%22%5B%5D%22%7D%2C%7B%22type%22%3A%22email%22%2C%22label%22%3A%22%22%2C%22description%22%3A%22%22%2C%22placeholder%22%3A%22E-Mail%20Address%22%2C%22required%22%3Atrue%2C%22columnWidth%22%3A100%2C%22id%22%3A%22%5B%5D%22%7D%2C%7B%22type%22%3A%22textarea%22%2C%22label%22%3A%22%22%2C%22description%22%3A%22%22%2C%22placeholder%22%3A%22Your%20Message%22%2C%22required%22%3Atrue%2C%22columnWidth%22%3A100%2C%22id%22%3A%22%5B%5D%22%7D%2C%7B%22type%22%3A%22checkbox%22%2C%22label%22%3A%22%22%2C%22name%22%3A%22%22%2C%22placeholder%22%3A%22%22%2C%22options%22%3A%22I%20have%20read%20and%20I%20approve%20of%20the%20Law%20on%20the%20Protection%20of%20%3Ca%20href%3D%5C%22%23%5C%22%3EPersonal%20Data%20and%20the%20Clarification%20Text.%3C%5C%2Fa%3E%22%2C%22scaleNumbersMin%22%3A1%2C%22scaleNumbersMax%22%3A10%2C%22leftCaption%22%3A%22Not%20likely%22%2C%22rightCaption%22%3A%22Very%20likely%22%2C%22fileLinkCaption%22%3A%22Choose%20file%22%2C%22fileDragCaption%22%3A%22or%20drag%20%26%20drop%20here%22%2C%22text%22%3A%22Text%22%2C%22title%22%3A%22Heading%22%2C%22caption%22%3A%22%22%2C%22value%22%3A%22%22%2C%22labelText%22%3A%22Label%22%2C%22dateTime%22%3A%22date%22%2C%22dateFormat%22%3A%22d.m.Y%22%2C%22timeFormat%22%3A%22H%3Ai%22%2C%22starsCount%22%3A5%2C%22required%22%3Atrue%2C%22description%22%3A%22%22%2C%22columnWidth%22%3A100%2C%22elementColumnWidth%22%3A100%2C%22fileAllowedAll%22%3Atrue%2C%22fileAllowed%22%3A%5B%22.jpg%22%2C%22.jpeg%22%2C%22.png%22%2C%22.gif%22%2C%22.txt%22%2C%22.pdf%22%2C%22.doc%22%2C%22.docx%22%2C%22.pages%22%2C%22.numbers%22%2C%22.xls%22%2C%22.xlsx%22%2C%22.odt%22%2C%22.ppt%22%2C%22.pptx%22%2C%22.pps%22%2C%22.ppsx%22%2C%22.html%22%5D%2C%22fileMax%22%3A25%2C%22fields%22%3A%22%22%2C%22id%22%3A%22%5B%5D%22%7D%5D%2C%22headerActive%22%3Afalse%2C%22headerTitle%22%3A%22Get%20in%20Touch%22%2C%22headerText%22%3A%22Leave%20your%20message%20and%20we%27ll%20get%20back%20to%20you%20shortly.%22%2C%22headerPictureUrl%22%3A%22message%22%2C%22footerText%22%3A%22%22%2C%22actionAfterSubmit%22%3A%22message%22%2C%22successMessage%22%3A%22Your%20message%20has%20been%20sent.%20We%20will%20contact%20you%20as%20soon%20as%20possible.%22%2C%22successContinueText%22%3A%22OK%22%2C%22redirectUrl%22%3A%22https%3A%5C%2F%5C%2Fexample.com%22%2C%22submitText%22%3A%22Send%22%2C%22stepsMessagesDivider%22%3Anull%2C%22stepsMessagesTitle%22%3Anull%2C%22stepsText%22%3A%22step%20%251%20of%20%252%22%2C%22stepBackText%22%3A%22Back%22%2C%22stepNextText%22%3A%22Next%22%2C%22errorMessageAllRequired%22%3A%22PLEASE%2C%20F%5Cu0130LL%20ALL%20THE%20REQU%5Cu0130RED%20F%5Cu0130ELDS%22%2C%22errorMessageAllIncorrect%22%3A%22PLEASE%2C%20F%5Cu0130LL%20ALL%20THE%20F%5Cu0130ELDS%20CORRECTLY%22%2C%22errorMessageSetMailTo%22%3A%22PLEASE%2C%20SET%20THE%20EMA%5Cu0130L%20TO%20SEND%20MESSAGES%20TO%22%2C%22errorMessageRequiredCaptcha%22%3A%22PLEASE%2C%20ENTER%20THE%20CAPTCHA%22%2C%22errorMessageFileSizeLimit%22%3A%22F%5Cu0130LE%20S%5Cu0130ZE%20L%5Cu0130M%5Cu0130T%20EXCEEDED%22%2C%22errorMessageFileNotAllowed%22%3A%22F%5Cu0130LE%20EXTENS%5Cu0130ON%20NOT%20ALLOWED%22%2C%22errorMessageUnknown%22%3A%22UNKNOWN%20ERROR%22%2C%22errorMessageRequired%22%3A%22REQU%5Cu0130RED%20F%5Cu0130ELD%22%2C%22errorMessageInvalid%22%3A%22INVAL%5Cu0130D%22%2C%22errorMessageInvalidEmail%22%3A%22INVAL%5Cu0130D%20EMA%5Cu0130L%22%2C%22errorMessageInvalidPhone%22%3A%22INVAL%5Cu0130D%20PHONE%20NUMBER%22%2C%22errorMessageInvalidUrl%22%3A%22INVAL%5Cu0130D%20URL%22%2C%22calendarWeekdaysShorthand%22%3A%22Sun%5CnMon%5CnTue%5CnWed%5CnThu%5CnFri%5CnSat%22%2C%22calendarMonthsLonghand%22%3A%22January%5CnFebruary%5CnMarch%5CnApril%5CnMay%5CnJune%5CnJuly%5CnAugust%5CnSeptember%5CnOctober%5CnNovember%5CnDecember%22%2C%22showProgress%22%3Atrue%2C%22recaptchaType%22%3A%22invisible%22%2C%22integrationsGoogleToken%22%3A%22%22%2C%22integrationsGoogleSheetId%22%3A%22%22%2C%22layout%22%3A%22default%22%2C%22floatingIcon%22%3A%22message%22%2C%22floatingText%22%3A%22%22%2C%22floatingPosition%22%3A%22right%22%2C%22width%22%3A%22100%25%22%2C%22style%22%3A%22classic%22%2C%22mainColor%22%3A%22rgb%2860%2C%20116%2C%20166%29%22%2C%22apiUrl%22%3A%22https%3A%5C%2F%5C%2Fwww.deltacephe.com.tr%5C%2Fen%5C%2Findex.php%3Frest_route%3D%5C%2Felfsight-form-builder%5C%2Fapi%22%2C%22recaptchaKeyCheckbox%22%3A%226LfXGHgUAAAAAHNIE_EH7kEI1l4xvf_ynIlg5bfo%22%2C%22recaptchaKeyInvisible%22%3A%226Ld1CXgUAAAAAFTHmixC1Eo-NP7_3ddB1YOj9AfX%22%2C%22widgetId%22%3A%223%22%7D\" \n                data-elfsight-form-builder-version=\"1.5.1\"\n                data-elfsight-widget-id=\"elfsight-form-builder-3\">\n            <\/div>\n            <\/div><\/div><div class=\"wpb_column vc_column_container\"><div class=\"vc_column-inner\"><\/div><\/div><\/div><\/div><\/div><\/div><\/div><\/section>\n","protected":false},"excerpt":{"rendered":"Our Head Office Atalar Mahallesi, Murat Sokak, \u00c7\u0131kr\u0131k \u0130\u015f Merkezi, No:8 Kat:1 Kartal, \u0130stanbul0 (532) 721 93 900 (216) 517 73 830 (216) 517 73 82info@deltacephe.com.trdelta@deltacephe.com.trClick to View the MapProduction Facility Yenikent Mah. Huzur Konutlar\u0131 2424 Sok. No:21 Gebze\/Kocaeli0 (262) 644 18 98Click to View the MapContact Form You can contact us for your questions,...","protected":false},"author":1,"featured_media":0,"parent":0,"menu_order":10,"comment_status":"closed","ping_status":"closed","template":"","meta":{"_acf_changed":false,"footnotes":""},"class_list":["post-7827","page","type-page","status-publish","hentry"],"acf":[],"yoast_head":"<!-- This site is optimized with the Yoast SEO plugin v24.4 - https:\/\/yoast.com\/wordpress\/plugins\/seo\/ -->\n<title>Contact - Delta Cephe Sistemleri<\/title>\n<meta name=\"robots\" content=\"index, follow, max-snippet:-1, max-image-preview:large, max-video-preview:-1\" \/>\n<link rel=\"canonical\" href=\"https:\/\/www.deltacephe.com.tr\/en\/?page_id=7827\" \/>\n<meta property=\"og:locale\" content=\"en_US\" \/>\n<meta property=\"og:type\" content=\"article\" \/>\n<meta property=\"og:title\" content=\"Contact - Delta Cephe Sistemleri\" \/>\n<meta property=\"og:url\" content=\"https:\/\/www.deltacephe.com.tr\/en\/?page_id=7827\" \/>\n<meta property=\"og:site_name\" content=\"Delta Cephe Sistemleri\" \/>\n<meta property=\"article:modified_time\" content=\"2023-10-19T13:37:38+00:00\" \/>\n<meta name=\"twitter:card\" content=\"summary_large_image\" \/>\n<meta name=\"twitter:label1\" content=\"Est. reading time\" \/>\n\t<meta name=\"twitter:data1\" content=\"1 minute\" \/>\n<script type=\"application\/ld+json\" class=\"yoast-schema-graph\">{\"@context\":\"https:\/\/schema.org\",\"@graph\":[{\"@type\":\"WebPage\",\"@id\":\"https:\/\/www.deltacephe.com.tr\/en\/?page_id=7827\",\"url\":\"https:\/\/www.deltacephe.com.tr\/en\/?page_id=7827\",\"name\":\"Contact - Delta Cephe Sistemleri\",\"isPartOf\":{\"@id\":\"https:\/\/www.deltacephe.com.tr\/en\/#website\"},\"datePublished\":\"2022-06-08T18:52:50+00:00\",\"dateModified\":\"2023-10-19T13:37:38+00:00\",\"breadcrumb\":{\"@id\":\"https:\/\/www.deltacephe.com.tr\/en\/?page_id=7827#breadcrumb\"},\"inLanguage\":\"en-US\",\"potentialAction\":[{\"@type\":\"ReadAction\",\"target\":[\"https:\/\/www.deltacephe.com.tr\/en\/?page_id=7827\"]}]},{\"@type\":\"BreadcrumbList\",\"@id\":\"https:\/\/www.deltacephe.com.tr\/en\/?page_id=7827#breadcrumb\",\"itemListElement\":[{\"@type\":\"ListItem\",\"position\":1,\"name\":\"Home\",\"item\":\"https:\/\/www.deltacephe.com.tr\/en\/\"},{\"@type\":\"ListItem\",\"position\":2,\"name\":\"Contact\"}]},{\"@type\":\"WebSite\",\"@id\":\"https:\/\/www.deltacephe.com.tr\/en\/#website\",\"url\":\"https:\/\/www.deltacephe.com.tr\/en\/\",\"name\":\"Delta Cephe Sistemleri\",\"description\":\"\",\"potentialAction\":[{\"@type\":\"SearchAction\",\"target\":{\"@type\":\"EntryPoint\",\"urlTemplate\":\"https:\/\/www.deltacephe.com.tr\/en\/?s={search_term_string}\"},\"query-input\":{\"@type\":\"PropertyValueSpecification\",\"valueRequired\":true,\"valueName\":\"search_term_string\"}}],\"inLanguage\":\"en-US\"}]}<\/script>\n<!-- \/ Yoast SEO plugin. -->","yoast_head_json":{"title":"Contact - Delta Cephe Sistemleri","robots":{"index":"index","follow":"follow","max-snippet":"max-snippet:-1","max-image-preview":"max-image-preview:large","max-video-preview":"max-video-preview:-1"},"canonical":"https:\/\/www.deltacephe.com.tr\/en\/?page_id=7827","og_locale":"en_US","og_type":"article","og_title":"Contact - Delta Cephe Sistemleri","og_url":"https:\/\/www.deltacephe.com.tr\/en\/?page_id=7827","og_site_name":"Delta Cephe Sistemleri","article_modified_time":"2023-10-19T13:37:38+00:00","twitter_card":"summary_large_image","twitter_misc":{"Est. reading time":"1 minute"},"schema":{"@context":"https:\/\/schema.org","@graph":[{"@type":"WebPage","@id":"https:\/\/www.deltacephe.com.tr\/en\/?page_id=7827","url":"https:\/\/www.deltacephe.com.tr\/en\/?page_id=7827","name":"Contact - Delta Cephe Sistemleri","isPartOf":{"@id":"https:\/\/www.deltacephe.com.tr\/en\/#website"},"datePublished":"2022-06-08T18:52:50+00:00","dateModified":"2023-10-19T13:37:38+00:00","breadcrumb":{"@id":"https:\/\/www.deltacephe.com.tr\/en\/?page_id=7827#breadcrumb"},"inLanguage":"en-US","potentialAction":[{"@type":"ReadAction","target":["https:\/\/www.deltacephe.com.tr\/en\/?page_id=7827"]}]},{"@type":"BreadcrumbList","@id":"https:\/\/www.deltacephe.com.tr\/en\/?page_id=7827#breadcrumb","itemListElement":[{"@type":"ListItem","position":1,"name":"Home","item":"https:\/\/www.deltacephe.com.tr\/en\/"},{"@type":"ListItem","position":2,"name":"Contact"}]},{"@type":"WebSite","@id":"https:\/\/www.deltacephe.com.tr\/en\/#website","url":"https:\/\/www.deltacephe.com.tr\/en\/","name":"Delta Cephe Sistemleri","description":"","potentialAction":[{"@type":"SearchAction","target":{"@type":"EntryPoint","urlTemplate":"https:\/\/www.deltacephe.com.tr\/en\/?s={search_term_string}"},"query-input":{"@type":"PropertyValueSpecification","valueRequired":true,"valueName":"search_term_string"}}],"inLanguage":"en-US"}]}},"_links":{"self":[{"href":"https:\/\/www.deltacephe.com.tr\/en\/index.php?rest_route=\/wp\/v2\/pages\/7827","targetHints":{"allow":["GET"]}}],"collection":[{"href":"https:\/\/www.deltacephe.com.tr\/en\/index.php?rest_route=\/wp\/v2\/pages"}],"about":[{"href":"https:\/\/www.deltacephe.com.tr\/en\/index.php?rest_route=\/wp\/v2\/types\/page"}],"author":[{"embeddable":true,"href":"https:\/\/www.deltacephe.com.tr\/en\/index.php?rest_route=\/wp\/v2\/users\/1"}],"replies":[{"embeddable":true,"href":"https:\/\/www.deltacephe.com.tr\/en\/index.php?rest_route=%2Fwp%2Fv2%2Fcomments&post=7827"}],"version-history":[{"count":18,"href":"https:\/\/www.deltacephe.com.tr\/en\/index.php?rest_route=\/wp\/v2\/pages\/7827\/revisions"}],"predecessor-version":[{"id":8762,"href":"https:\/\/www.deltacephe.com.tr\/en\/index.php?rest_route=\/wp\/v2\/pages\/7827\/revisions\/8762"}],"wp:attachment":[{"href":"https:\/\/www.deltacephe.com.tr\/en\/index.php?rest_route=%2Fwp%2Fv2%2Fmedia&parent=7827"}],"curies":[{"name":"wp","href":"https:\/\/api.w.org\/{rel}","templated":true}]}}